{"id":2730,"date":"2017-10-16T10:41:35","date_gmt":"2017-10-16T08:41:35","guid":{"rendered":"https:\/\/amefit.pl\/?page_id=2730"},"modified":"2026-04-14T13:24:16","modified_gmt":"2026-04-14T11:24:16","slug":"cennik","status":"publish","type":"page","link":"https:\/\/amefit.pl\/?page_id=2730","title":{"rendered":"Cennik"},"content":{"rendered":"","protected":false},"excerpt":{"rendered":"","protected":false},"author":10,"featured_media":-1,"parent":2721,"menu_order":0,"comment_status":"closed","ping_status":"closed","template":"","meta":{"_monsterinsights_skip_tracking":false,"_monsterinsights_sitenote_active":false,"_monsterinsights_sitenote_note":"","_monsterinsights_sitenote_category":0,"footnotes":""},"class_list":["post-2730","page","type-page","status-publish","has-post-thumbnail","hentry"],"yoast_head":"<!-- This site is optimized with the Yoast SEO plugin v27.0 - https:\/\/yoast.com\/product\/yoast-seo-wordpress\/ -->\n<title>Cennik - Amefit,Skorzystaj z promocji - kup karnet on-line<\/title>\n<meta name=\"description\" content=\"Cennik us\u0142ug oraz karnet\u00f3w klubu AmeFit | Z\u0105bki, ul. Szwole\u017cer\u00f3w 104 | Honorujemy karty MultiSport, FitProfit, Ok System, BeActive |\" \/>\n<meta name=\"robots\" content=\"index, follow, max-snippet:-1, max-image-preview:large, max-video-preview:-1\" \/>\n<link rel=\"canonical\" href=\"https:\/\/amefit.pl\/?page_id=2730\" \/>\n<meta property=\"og:locale\" content=\"pl_PL\" \/>\n<meta property=\"og:type\" content=\"article\" \/>\n<meta property=\"og:title\" content=\"Cennik - Amefit,Skorzystaj z promocji - kup karnet on-line\" \/>\n<meta property=\"og:description\" content=\"Cennik us\u0142ug oraz karnet\u00f3w klubu AmeFit | Z\u0105bki, ul. Szwole\u017cer\u00f3w 104 | Honorujemy karty MultiSport, FitProfit, Ok System, BeActive |\" \/>\n<meta property=\"og:url\" content=\"https:\/\/amefit.pl\/?page_id=2730\" \/>\n<meta property=\"og:site_name\" content=\"Amefit\" \/>\n<meta property=\"article:publisher\" content=\"https:\/\/www.facebook.com\/AmeFitKlub\" \/>\n<meta property=\"article:modified_time\" content=\"2026-04-14T11:24:16+00:00\" \/>\n<meta property=\"og:image\" content=\"https:\/\/amefit.pl\/wp-content\/uploads\/2016\/08\/amefit-logo-fb.png\" \/>\n\t<meta property=\"og:image:width\" content=\"538\" \/>\n\t<meta property=\"og:image:height\" content=\"538\" \/>\n\t<meta property=\"og:image:type\" content=\"image\/png\" \/>\n<meta name=\"twitter:card\" content=\"summary_large_image\" \/>\n<script type=\"application\/ld+json\" class=\"yoast-schema-graph\">{\"@context\":\"https:\/\/schema.org\",\"@graph\":[{\"@type\":\"WebPage\",\"@id\":\"https:\/\/amefit.pl\/?page_id=2730\",\"url\":\"https:\/\/amefit.pl\/?page_id=2730\",\"name\":\"Cennik - Amefit,Skorzystaj z promocji - kup karnet on-line\",\"isPartOf\":{\"@id\":\"https:\/\/amefit.pl\/#website\"},\"datePublished\":\"2017-10-16T08:41:35+00:00\",\"dateModified\":\"2026-04-14T11:24:16+00:00\",\"description\":\"Cennik us\u0142ug oraz karnet\u00f3w klubu AmeFit | Z\u0105bki, ul. Szwole\u017cer\u00f3w 104 | Honorujemy karty MultiSport, FitProfit, Ok System, BeActive |\",\"breadcrumb\":{\"@id\":\"https:\/\/amefit.pl\/?page_id=2730#breadcrumb\"},\"inLanguage\":\"pl-PL\",\"potentialAction\":[{\"@type\":\"ReadAction\",\"target\":[\"https:\/\/amefit.pl\/?page_id=2730\"]}]},{\"@type\":\"BreadcrumbList\",\"@id\":\"https:\/\/amefit.pl\/?page_id=2730#breadcrumb\",\"itemListElement\":[{\"@type\":\"ListItem\",\"position\":1,\"name\":\"Strona g\u0142\u00f3wna\",\"item\":\"https:\/\/amefit.pl\/\"},{\"@type\":\"ListItem\",\"position\":2,\"name\":\"Gym\",\"item\":\"https:\/\/amefit.pl\/\"},{\"@type\":\"ListItem\",\"position\":3,\"name\":\"Cennik\"}]},{\"@type\":\"WebSite\",\"@id\":\"https:\/\/amefit.pl\/#website\",\"url\":\"https:\/\/amefit.pl\/\",\"name\":\"Amefit\",\"description\":\"Wsp\u00f3lnie osi\u0105gajmy cele - z nami dasz rad\u0119!\",\"publisher\":{\"@id\":\"https:\/\/amefit.pl\/#organization\"},\"potentialAction\":[{\"@type\":\"SearchAction\",\"target\":{\"@type\":\"EntryPoint\",\"urlTemplate\":\"https:\/\/amefit.pl\/?s={search_term_string}\"},\"query-input\":{\"@type\":\"PropertyValueSpecification\",\"valueRequired\":true,\"valueName\":\"search_term_string\"}}],\"inLanguage\":\"pl-PL\"},{\"@type\":\"Organization\",\"@id\":\"https:\/\/amefit.pl\/#organization\",\"name\":\"Amefit\",\"url\":\"https:\/\/amefit.pl\/\",\"logo\":{\"@type\":\"ImageObject\",\"inLanguage\":\"pl-PL\",\"@id\":\"https:\/\/amefit.pl\/#\/schema\/logo\/image\/\",\"url\":\"https:\/\/amefit.pl\/wp-content\/uploads\/2023\/05\/icon.png\",\"contentUrl\":\"https:\/\/amefit.pl\/wp-content\/uploads\/2023\/05\/icon.png\",\"width\":140,\"height\":136,\"caption\":\"Amefit\"},\"image\":{\"@id\":\"https:\/\/amefit.pl\/#\/schema\/logo\/image\/\"},\"sameAs\":[\"https:\/\/www.facebook.com\/AmeFitKlub\"]}]}<\/script>\n<!-- \/ Yoast SEO plugin. -->","yoast_head_json":{"title":"Cennik - Amefit,Skorzystaj z promocji - kup karnet on-line","description":"Cennik us\u0142ug oraz karnet\u00f3w klubu AmeFit | Z\u0105bki, ul. Szwole\u017cer\u00f3w 104 | Honorujemy karty MultiSport, FitProfit, Ok System, BeActive |","robots":{"index":"index","follow":"follow","max-snippet":"max-snippet:-1","max-image-preview":"max-image-preview:large","max-video-preview":"max-video-preview:-1"},"canonical":"https:\/\/amefit.pl\/?page_id=2730","og_locale":"pl_PL","og_type":"article","og_title":"Cennik - Amefit,Skorzystaj z promocji - kup karnet on-line","og_description":"Cennik us\u0142ug oraz karnet\u00f3w klubu AmeFit | Z\u0105bki, ul. Szwole\u017cer\u00f3w 104 | Honorujemy karty MultiSport, FitProfit, Ok System, BeActive |","og_url":"https:\/\/amefit.pl\/?page_id=2730","og_site_name":"Amefit","article_publisher":"https:\/\/www.facebook.com\/AmeFitKlub","article_modified_time":"2026-04-14T11:24:16+00:00","og_image":[{"width":538,"height":538,"url":"https:\/\/amefit.pl\/wp-content\/uploads\/2016\/08\/amefit-logo-fb.png","type":"image\/png"}],"twitter_card":"summary_large_image","schema":{"@context":"https:\/\/schema.org","@graph":[{"@type":"WebPage","@id":"https:\/\/amefit.pl\/?page_id=2730","url":"https:\/\/amefit.pl\/?page_id=2730","name":"Cennik - Amefit,Skorzystaj z promocji - kup karnet on-line","isPartOf":{"@id":"https:\/\/amefit.pl\/#website"},"datePublished":"2017-10-16T08:41:35+00:00","dateModified":"2026-04-14T11:24:16+00:00","description":"Cennik us\u0142ug oraz karnet\u00f3w klubu AmeFit | Z\u0105bki, ul. Szwole\u017cer\u00f3w 104 | Honorujemy karty MultiSport, FitProfit, Ok System, BeActive |","breadcrumb":{"@id":"https:\/\/amefit.pl\/?page_id=2730#breadcrumb"},"inLanguage":"pl-PL","potentialAction":[{"@type":"ReadAction","target":["https:\/\/amefit.pl\/?page_id=2730"]}]},{"@type":"BreadcrumbList","@id":"https:\/\/amefit.pl\/?page_id=2730#breadcrumb","itemListElement":[{"@type":"ListItem","position":1,"name":"Strona g\u0142\u00f3wna","item":"https:\/\/amefit.pl\/"},{"@type":"ListItem","position":2,"name":"Gym","item":"https:\/\/amefit.pl\/"},{"@type":"ListItem","position":3,"name":"Cennik"}]},{"@type":"WebSite","@id":"https:\/\/amefit.pl\/#website","url":"https:\/\/amefit.pl\/","name":"Amefit","description":"Wsp\u00f3lnie osi\u0105gajmy cele - z nami dasz rad\u0119!","publisher":{"@id":"https:\/\/amefit.pl\/#organization"},"potentialAction":[{"@type":"SearchAction","target":{"@type":"EntryPoint","urlTemplate":"https:\/\/amefit.pl\/?s={search_term_string}"},"query-input":{"@type":"PropertyValueSpecification","valueRequired":true,"valueName":"search_term_string"}}],"inLanguage":"pl-PL"},{"@type":"Organization","@id":"https:\/\/amefit.pl\/#organization","name":"Amefit","url":"https:\/\/amefit.pl\/","logo":{"@type":"ImageObject","inLanguage":"pl-PL","@id":"https:\/\/amefit.pl\/#\/schema\/logo\/image\/","url":"https:\/\/amefit.pl\/wp-content\/uploads\/2023\/05\/icon.png","contentUrl":"https:\/\/amefit.pl\/wp-content\/uploads\/2023\/05\/icon.png","width":140,"height":136,"caption":"Amefit"},"image":{"@id":"https:\/\/amefit.pl\/#\/schema\/logo\/image\/"},"sameAs":["https:\/\/www.facebook.com\/AmeFitKlub"]}]}},"_links":{"self":[{"href":"https:\/\/amefit.pl\/index.php?rest_route=\/wp\/v2\/pages\/2730","targetHints":{"allow":["GET"]}}],"collection":[{"href":"https:\/\/amefit.pl\/index.php?rest_route=\/wp\/v2\/pages"}],"about":[{"href":"https:\/\/amefit.pl\/index.php?rest_route=\/wp\/v2\/types\/page"}],"author":[{"embeddable":true,"href":"https:\/\/amefit.pl\/index.php?rest_route=\/wp\/v2\/users\/10"}],"replies":[{"embeddable":true,"href":"https:\/\/amefit.pl\/index.php?rest_route=%2Fwp%2Fv2%2Fcomments&post=2730"}],"version-history":[{"count":5,"href":"https:\/\/amefit.pl\/index.php?rest_route=\/wp\/v2\/pages\/2730\/revisions"}],"predecessor-version":[{"id":3463,"href":"https:\/\/amefit.pl\/index.php?rest_route=\/wp\/v2\/pages\/2730\/revisions\/3463"}],"up":[{"embeddable":true,"href":"https:\/\/amefit.pl\/index.php?rest_route=\/wp\/v2\/pages\/2721"}],"wp:featuredmedia":[{"embeddable":true,"href":"https:\/\/amefit.pl\/index.php?rest_route=\/"}],"wp:attachment":[{"href":"https:\/\/amefit.pl\/index.php?rest_route=%2Fwp%2Fv2%2Fmedia&parent=2730"}],"curies":[{"name":"wp","href":"https:\/\/api.w.org\/{rel}","templated":true}]}}