{"id":12,"date":"2018-10-16T10:58:21","date_gmt":"2018-10-16T08:58:21","guid":{"rendered":"http:\/\/themes.muffingroup.com\/be\/sport\/?page_id=12"},"modified":"2025-06-03T10:58:26","modified_gmt":"2025-06-03T08:58:26","slug":"galeria","status":"publish","type":"page","link":"https:\/\/amefit.pl\/?page_id=12","title":{"rendered":"Galeria"},"content":{"rendered":"","protected":false},"excerpt":{"rendered":"","protected":false},"author":10,"featured_media":0,"parent":0,"menu_order":0,"comment_status":"open","ping_status":"closed","template":"","meta":{"_monsterinsights_skip_tracking":false,"_monsterinsights_sitenote_active":false,"_monsterinsights_sitenote_note":"","_monsterinsights_sitenote_category":0,"footnotes":""},"class_list":["post-12","page","type-page","status-publish","hentry"],"yoast_head":"<!-- This site is optimized with the Yoast SEO plugin v27.0 - https:\/\/yoast.com\/product\/yoast-seo-wordpress\/ -->\n<title>Galeria - Amefit, zapraszamy do obejrzenia klubu on-line.<\/title>\n<meta name=\"description\" content=\"Galeria - zdj\u0119cia klubu AmeFit | Z\u0105bki, ul. Szwole\u017cer\u00f3w 104 | Honorujemy karty MultiSport, FitProfit, Ok System, BeActive |\" \/>\n<meta name=\"robots\" content=\"index, follow, max-snippet:-1, max-image-preview:large, max-video-preview:-1\" \/>\n<link rel=\"canonical\" href=\"https:\/\/amefit.pl\/?page_id=12\" \/>\n<meta property=\"og:locale\" content=\"pl_PL\" \/>\n<meta property=\"og:type\" content=\"article\" \/>\n<meta property=\"og:title\" content=\"Galeria - Amefit, zapraszamy do obejrzenia klubu on-line.\" \/>\n<meta property=\"og:description\" content=\"Galeria - zdj\u0119cia klubu AmeFit | Z\u0105bki, ul. Szwole\u017cer\u00f3w 104 | Honorujemy karty MultiSport, FitProfit, Ok System, BeActive |\" \/>\n<meta property=\"og:url\" content=\"https:\/\/amefit.pl\/?page_id=12\" \/>\n<meta property=\"og:site_name\" content=\"Amefit\" \/>\n<meta property=\"article:publisher\" content=\"https:\/\/www.facebook.com\/AmeFitKlub\" \/>\n<meta property=\"article:modified_time\" content=\"2025-06-03T08:58:26+00:00\" \/>\n<meta property=\"og:image\" content=\"https:\/\/amefit.pl\/wp-content\/uploads\/2016\/08\/amefit-logo-fb.png\" \/>\n\t<meta property=\"og:image:width\" content=\"538\" \/>\n\t<meta property=\"og:image:height\" content=\"538\" \/>\n\t<meta property=\"og:image:type\" content=\"image\/png\" \/>\n<meta name=\"twitter:card\" content=\"summary_large_image\" \/>\n<script type=\"application\/ld+json\" class=\"yoast-schema-graph\">{\"@context\":\"https:\/\/schema.org\",\"@graph\":[{\"@type\":\"WebPage\",\"@id\":\"https:\/\/amefit.pl\/?page_id=12\",\"url\":\"https:\/\/amefit.pl\/?page_id=12\",\"name\":\"Galeria - Amefit, zapraszamy do obejrzenia klubu on-line.\",\"isPartOf\":{\"@id\":\"https:\/\/amefit.pl\/#website\"},\"datePublished\":\"2018-10-16T08:58:21+00:00\",\"dateModified\":\"2025-06-03T08:58:26+00:00\",\"description\":\"Galeria - zdj\u0119cia klubu AmeFit | Z\u0105bki, ul. Szwole\u017cer\u00f3w 104 | Honorujemy karty MultiSport, FitProfit, Ok System, BeActive |\",\"breadcrumb\":{\"@id\":\"https:\/\/amefit.pl\/?page_id=12#breadcrumb\"},\"inLanguage\":\"pl-PL\",\"potentialAction\":[{\"@type\":\"ReadAction\",\"target\":[\"https:\/\/amefit.pl\/?page_id=12\"]}]},{\"@type\":\"BreadcrumbList\",\"@id\":\"https:\/\/amefit.pl\/?page_id=12#breadcrumb\",\"itemListElement\":[{\"@type\":\"ListItem\",\"position\":1,\"name\":\"Strona g\u0142\u00f3wna\",\"item\":\"https:\/\/amefit.pl\/\"},{\"@type\":\"ListItem\",\"position\":2,\"name\":\"Galeria\"}]},{\"@type\":\"WebSite\",\"@id\":\"https:\/\/amefit.pl\/#website\",\"url\":\"https:\/\/amefit.pl\/\",\"name\":\"Amefit\",\"description\":\"Wsp\u00f3lnie osi\u0105gajmy cele - z nami dasz rad\u0119!\",\"publisher\":{\"@id\":\"https:\/\/amefit.pl\/#organization\"},\"potentialAction\":[{\"@type\":\"SearchAction\",\"target\":{\"@type\":\"EntryPoint\",\"urlTemplate\":\"https:\/\/amefit.pl\/?s={search_term_string}\"},\"query-input\":{\"@type\":\"PropertyValueSpecification\",\"valueRequired\":true,\"valueName\":\"search_term_string\"}}],\"inLanguage\":\"pl-PL\"},{\"@type\":\"Organization\",\"@id\":\"https:\/\/amefit.pl\/#organization\",\"name\":\"Amefit\",\"url\":\"https:\/\/amefit.pl\/\",\"logo\":{\"@type\":\"ImageObject\",\"inLanguage\":\"pl-PL\",\"@id\":\"https:\/\/amefit.pl\/#\/schema\/logo\/image\/\",\"url\":\"https:\/\/amefit.pl\/wp-content\/uploads\/2023\/05\/icon.png\",\"contentUrl\":\"https:\/\/amefit.pl\/wp-content\/uploads\/2023\/05\/icon.png\",\"width\":140,\"height\":136,\"caption\":\"Amefit\"},\"image\":{\"@id\":\"https:\/\/amefit.pl\/#\/schema\/logo\/image\/\"},\"sameAs\":[\"https:\/\/www.facebook.com\/AmeFitKlub\"]}]}<\/script>\n<!-- \/ Yoast SEO plugin. -->","yoast_head_json":{"title":"Galeria - Amefit, zapraszamy do obejrzenia klubu on-line.","description":"Galeria - zdj\u0119cia klubu AmeFit | Z\u0105bki, ul. Szwole\u017cer\u00f3w 104 | Honorujemy karty MultiSport, FitProfit, Ok System, BeActive |","robots":{"index":"index","follow":"follow","max-snippet":"max-snippet:-1","max-image-preview":"max-image-preview:large","max-video-preview":"max-video-preview:-1"},"canonical":"https:\/\/amefit.pl\/?page_id=12","og_locale":"pl_PL","og_type":"article","og_title":"Galeria - Amefit, zapraszamy do obejrzenia klubu on-line.","og_description":"Galeria - zdj\u0119cia klubu AmeFit | Z\u0105bki, ul. Szwole\u017cer\u00f3w 104 | Honorujemy karty MultiSport, FitProfit, Ok System, BeActive |","og_url":"https:\/\/amefit.pl\/?page_id=12","og_site_name":"Amefit","article_publisher":"https:\/\/www.facebook.com\/AmeFitKlub","article_modified_time":"2025-06-03T08:58:26+00:00","og_image":[{"width":538,"height":538,"url":"https:\/\/amefit.pl\/wp-content\/uploads\/2016\/08\/amefit-logo-fb.png","type":"image\/png"}],"twitter_card":"summary_large_image","schema":{"@context":"https:\/\/schema.org","@graph":[{"@type":"WebPage","@id":"https:\/\/amefit.pl\/?page_id=12","url":"https:\/\/amefit.pl\/?page_id=12","name":"Galeria - Amefit, zapraszamy do obejrzenia klubu on-line.","isPartOf":{"@id":"https:\/\/amefit.pl\/#website"},"datePublished":"2018-10-16T08:58:21+00:00","dateModified":"2025-06-03T08:58:26+00:00","description":"Galeria - zdj\u0119cia klubu AmeFit | Z\u0105bki, ul. Szwole\u017cer\u00f3w 104 | Honorujemy karty MultiSport, FitProfit, Ok System, BeActive |","breadcrumb":{"@id":"https:\/\/amefit.pl\/?page_id=12#breadcrumb"},"inLanguage":"pl-PL","potentialAction":[{"@type":"ReadAction","target":["https:\/\/amefit.pl\/?page_id=12"]}]},{"@type":"BreadcrumbList","@id":"https:\/\/amefit.pl\/?page_id=12#breadcrumb","itemListElement":[{"@type":"ListItem","position":1,"name":"Strona g\u0142\u00f3wna","item":"https:\/\/amefit.pl\/"},{"@type":"ListItem","position":2,"name":"Galeria"}]},{"@type":"WebSite","@id":"https:\/\/amefit.pl\/#website","url":"https:\/\/amefit.pl\/","name":"Amefit","description":"Wsp\u00f3lnie osi\u0105gajmy cele - z nami dasz rad\u0119!","publisher":{"@id":"https:\/\/amefit.pl\/#organization"},"potentialAction":[{"@type":"SearchAction","target":{"@type":"EntryPoint","urlTemplate":"https:\/\/amefit.pl\/?s={search_term_string}"},"query-input":{"@type":"PropertyValueSpecification","valueRequired":true,"valueName":"search_term_string"}}],"inLanguage":"pl-PL"},{"@type":"Organization","@id":"https:\/\/amefit.pl\/#organization","name":"Amefit","url":"https:\/\/amefit.pl\/","logo":{"@type":"ImageObject","inLanguage":"pl-PL","@id":"https:\/\/amefit.pl\/#\/schema\/logo\/image\/","url":"https:\/\/amefit.pl\/wp-content\/uploads\/2023\/05\/icon.png","contentUrl":"https:\/\/amefit.pl\/wp-content\/uploads\/2023\/05\/icon.png","width":140,"height":136,"caption":"Amefit"},"image":{"@id":"https:\/\/amefit.pl\/#\/schema\/logo\/image\/"},"sameAs":["https:\/\/www.facebook.com\/AmeFitKlub"]}]}},"_links":{"self":[{"href":"https:\/\/amefit.pl\/index.php?rest_route=\/wp\/v2\/pages\/12","targetHints":{"allow":["GET"]}}],"collection":[{"href":"https:\/\/amefit.pl\/index.php?rest_route=\/wp\/v2\/pages"}],"about":[{"href":"https:\/\/amefit.pl\/index.php?rest_route=\/wp\/v2\/types\/page"}],"author":[{"embeddable":true,"href":"https:\/\/amefit.pl\/index.php?rest_route=\/wp\/v2\/users\/10"}],"replies":[{"embeddable":true,"href":"https:\/\/amefit.pl\/index.php?rest_route=%2Fwp%2Fv2%2Fcomments&post=12"}],"version-history":[{"count":3,"href":"https:\/\/amefit.pl\/index.php?rest_route=\/wp\/v2\/pages\/12\/revisions"}],"predecessor-version":[{"id":3623,"href":"https:\/\/amefit.pl\/index.php?rest_route=\/wp\/v2\/pages\/12\/revisions\/3623"}],"wp:attachment":[{"href":"https:\/\/amefit.pl\/index.php?rest_route=%2Fwp%2Fv2%2Fmedia&parent=12"}],"curies":[{"name":"wp","href":"https:\/\/api.w.org\/{rel}","templated":true}]}}